{"id":1490,"date":"2021-09-20T20:17:19","date_gmt":"2021-09-20T20:17:19","guid":{"rendered":"https:\/\/plastishop.com.uy\/?post_type=product&#038;p=1490"},"modified":"2021-09-20T20:17:19","modified_gmt":"2021-09-20T20:17:19","slug":"copa-triangular-darnel","status":"publish","type":"product","link":"https:\/\/plastishop.com.uy\/?product=copa-triangular-darnel","title":{"rendered":"Copa Triangular Darnel."},"content":{"rendered":"<p><span style=\"font-weight: 400;\">Elegante Dise\u00f1o con finos acabados est\u00e9ticos.<\/span><\/p>\n<p>Material: Acr\u00edlico<\/p>\n<p><span style=\"font-weight: 400;\">Color: Cristal<\/span><\/p>\n<p><span style=\"font-weight: 400;\">Largo: 8.1 cm<\/span><\/p>\n<p><span style=\"font-weight: 400;\">Ancho: 8 cm<\/span><\/p>\n<p><span style=\"font-weight: 400;\">Paquete por 12 unidades<\/span><\/p>\n","protected":false},"excerpt":{"rendered":"<p>Elegante Dise\u00f1o con finos acabados est\u00e9ticos. Material: Acr\u00edlico Color: Cristal Largo: 8.1 cm Ancho: 8 cm Paquete por 12 unidades<\/p>\n","protected":false},"featured_media":1491,"comment_status":"open","ping_status":"closed","template":"","meta":{"site-sidebar-layout":"default","site-content-layout":"default","ast-site-content-layout":"default","site-content-style":"default","site-sidebar-style":"default","ast-global-header-display":"","ast-banner-title-visibility":"","ast-main-header-display":"","ast-hfb-above-header-display":"","ast-hfb-below-header-display":"","ast-hfb-mobile-header-display":"","site-post-title":"","ast-breadcrumbs-content":"","ast-featured-img":"","footer-sml-layout":"","ast-disable-related-posts":"","theme-transparent-header-meta":"default","adv-header-id-meta":"","stick-header-meta":"","header-above-stick-meta":"","header-main-stick-meta":"","header-below-stick-meta":"","astra-migrate-meta-layouts":"default","ast-page-background-enabled":"default","ast-page-background-meta":{"desktop":{"background-color":"","background-image":"","background-repeat":"repeat","background-position":"center center","background-size":"auto","background-attachment":"scroll","background-type":"","background-media":"","overlay-type":"","overlay-color":"","overlay-opacity":"","overlay-gradient":""},"tablet":{"background-color":"","background-image":"","background-repeat":"repeat","background-position":"center center","background-size":"auto","background-attachment":"scroll","background-type":"","background-media":"","overlay-type":"","overlay-color":"","overlay-opacity":"","overlay-gradient":""},"mobile":{"background-color":"","background-image":"","background-repeat":"repeat","background-position":"center center","background-size":"auto","background-attachment":"scroll","background-type":"","background-media":"","overlay-type":"","overlay-color":"","overlay-opacity":"","overlay-gradient":""}},"ast-content-background-meta":{"desktop":{"background-color":"var(--ast-global-color-5)","background-image":"","background-repeat":"repeat","background-position":"center center","background-size":"auto","background-attachment":"scroll","background-type":"","background-media":"","overlay-type":"","overlay-color":"","overlay-opacity":"","overlay-gradient":""},"tablet":{"background-color":"var(--ast-global-color-5)","background-image":"","background-repeat":"repeat","background-position":"center center","background-size":"auto","background-attachment":"scroll","background-type":"","background-media":"","overlay-type":"","overlay-color":"","overlay-opacity":"","overlay-gradient":""},"mobile":{"background-color":"var(--ast-global-color-5)","background-image":"","background-repeat":"repeat","background-position":"center center","background-size":"auto","background-attachment":"scroll","background-type":"","background-media":"","overlay-type":"","overlay-color":"","overlay-opacity":"","overlay-gradient":""}}},"product_brand":[],"product_cat":[52,54],"product_tag":[],"class_list":{"0":"post-1490","1":"product","2":"type-product","3":"status-publish","4":"has-post-thumbnail","6":"product_cat-para-la-mesa","7":"product_cat-vasos","8":"desktop-align-left","9":"tablet-align-left","10":"mobile-align-left","12":"first","13":"instock","14":"taxable","15":"shipping-taxable","16":"product-type-simple"},"_links":{"self":[{"href":"https:\/\/plastishop.com.uy\/index.php?rest_route=\/wp\/v2\/product\/1490","targetHints":{"allow":["GET"]}}],"collection":[{"href":"https:\/\/plastishop.com.uy\/index.php?rest_route=\/wp\/v2\/product"}],"about":[{"href":"https:\/\/plastishop.com.uy\/index.php?rest_route=\/wp\/v2\/types\/product"}],"replies":[{"embeddable":true,"href":"https:\/\/plastishop.com.uy\/index.php?rest_route=%2Fwp%2Fv2%2Fcomments&post=1490"}],"wp:featuredmedia":[{"embeddable":true,"href":"https:\/\/plastishop.com.uy\/index.php?rest_route=\/wp\/v2\/media\/1491"}],"wp:attachment":[{"href":"https:\/\/plastishop.com.uy\/index.php?rest_route=%2Fwp%2Fv2%2Fmedia&parent=1490"}],"wp:term":[{"taxonomy":"product_brand","embeddable":true,"href":"https:\/\/plastishop.com.uy\/index.php?rest_route=%2Fwp%2Fv2%2Fproduct_brand&post=1490"},{"taxonomy":"product_cat","embeddable":true,"href":"https:\/\/plastishop.com.uy\/index.php?rest_route=%2Fwp%2Fv2%2Fproduct_cat&post=1490"},{"taxonomy":"product_tag","embeddable":true,"href":"https:\/\/plastishop.com.uy\/index.php?rest_route=%2Fwp%2Fv2%2Fproduct_tag&post=1490"}],"curies":[{"name":"wp","href":"https:\/\/api.w.org\/{rel}","templated":true}]}}