{"id":1631,"date":"2021-10-22T19:25:43","date_gmt":"2021-10-22T19:25:43","guid":{"rendered":"https:\/\/plastishop.com.uy\/?post_type=product&#038;p=1631"},"modified":"2025-02-05T19:30:39","modified_gmt":"2025-02-05T19:30:39","slug":"termo-conservadora-5-litros-mor","status":"publish","type":"product","link":"https:\/\/plastishop.com.uy\/?product=termo-conservadora-5-litros-mor","title":{"rendered":"Termo Conservadora 5 Litros Mor"},"content":{"rendered":"<p>Medidas: Alto 23,5 cm \/ Ancho 21,5 cm \/ Largo 21,5 cm<br \/>\nProducido en material 100% virgen con aislamiento t\u00e9rmico en EPS, at\u00f3xico y sin olor, ideal para conservar l\u00edquidos calientes o fr\u00edos. Su espuma interna es en poliuretano (PU), que garantiza el aislamiento t\u00e9rmico por mucho m\u00e1s tiempo.<br \/>\nVers\u00e1tiles y funcionales, con sistema de tap\u00f3n y cuentan con tapa para garantizar la higiene adecuada del producto.<br \/>\nAltamente resistentes, soportan hielo y son pr\u00e1cticos de transportar.<\/p>\n","protected":false},"excerpt":{"rendered":"<p>Medidas: Alto 23,5 cm \/ Ancho 21,5 cm \/ Largo 21,5 cm Producido en material 100% virgen con aislamiento t\u00e9rmico en EPS, at\u00f3xico y sin olor, ideal para conservar l\u00edquidos calientes o fr\u00edos. Su espuma interna es en poliuretano (PU), que garantiza el aislamiento t\u00e9rmico por mucho m\u00e1s tiempo. Vers\u00e1tiles y funcionales, con sistema de [&hellip;]<\/p>\n","protected":false},"featured_media":1633,"comment_status":"open","ping_status":"closed","template":"","meta":{"site-sidebar-layout":"default","site-content-layout":"default","ast-site-content-layout":"default","site-content-style":"default","site-sidebar-style":"default","ast-global-header-display":"","ast-banner-title-visibility":"","ast-main-header-display":"","ast-hfb-above-header-display":"","ast-hfb-below-header-display":"","ast-hfb-mobile-header-display":"","site-post-title":"","ast-breadcrumbs-content":"","ast-featured-img":"","footer-sml-layout":"","ast-disable-related-posts":"","theme-transparent-header-meta":"default","adv-header-id-meta":"","stick-header-meta":"","header-above-stick-meta":"","header-main-stick-meta":"","header-below-stick-meta":"","astra-migrate-meta-layouts":"default","ast-page-background-enabled":"default","ast-page-background-meta":{"desktop":{"background-color":"","background-image":"","background-repeat":"repeat","background-position":"center center","background-size":"auto","background-attachment":"scroll","background-type":"","background-media":"","overlay-type":"","overlay-color":"","overlay-opacity":"","overlay-gradient":""},"tablet":{"background-color":"","background-image":"","background-repeat":"repeat","background-position":"center center","background-size":"auto","background-attachment":"scroll","background-type":"","background-media":"","overlay-type":"","overlay-color":"","overlay-opacity":"","overlay-gradient":""},"mobile":{"background-color":"","background-image":"","background-repeat":"repeat","background-position":"center center","background-size":"auto","background-attachment":"scroll","background-type":"","background-media":"","overlay-type":"","overlay-color":"","overlay-opacity":"","overlay-gradient":""}},"ast-content-background-meta":{"desktop":{"background-color":"var(--ast-global-color-5)","background-image":"","background-repeat":"repeat","background-position":"center center","background-size":"auto","background-attachment":"scroll","background-type":"","background-media":"","overlay-type":"","overlay-color":"","overlay-opacity":"","overlay-gradient":""},"tablet":{"background-color":"var(--ast-global-color-5)","background-image":"","background-repeat":"repeat","background-position":"center center","background-size":"auto","background-attachment":"scroll","background-type":"","background-media":"","overlay-type":"","overlay-color":"","overlay-opacity":"","overlay-gradient":""},"mobile":{"background-color":"var(--ast-global-color-5)","background-image":"","background-repeat":"repeat","background-position":"center center","background-size":"auto","background-attachment":"scroll","background-type":"","background-media":"","overlay-type":"","overlay-color":"","overlay-opacity":"","overlay-gradient":""}}},"product_brand":[],"product_cat":[18,37],"product_tag":[],"class_list":{"0":"post-1631","1":"product","2":"type-product","3":"status-publish","4":"has-post-thumbnail","6":"product_cat-hogar","7":"product_cat-jardin","8":"desktop-align-left","9":"tablet-align-left","10":"mobile-align-left","12":"first","13":"instock","14":"taxable","15":"shipping-taxable","16":"purchasable","17":"product-type-simple"},"_links":{"self":[{"href":"https:\/\/plastishop.com.uy\/index.php?rest_route=\/wp\/v2\/product\/1631","targetHints":{"allow":["GET"]}}],"collection":[{"href":"https:\/\/plastishop.com.uy\/index.php?rest_route=\/wp\/v2\/product"}],"about":[{"href":"https:\/\/plastishop.com.uy\/index.php?rest_route=\/wp\/v2\/types\/product"}],"replies":[{"embeddable":true,"href":"https:\/\/plastishop.com.uy\/index.php?rest_route=%2Fwp%2Fv2%2Fcomments&post=1631"}],"wp:featuredmedia":[{"embeddable":true,"href":"https:\/\/plastishop.com.uy\/index.php?rest_route=\/wp\/v2\/media\/1633"}],"wp:attachment":[{"href":"https:\/\/plastishop.com.uy\/index.php?rest_route=%2Fwp%2Fv2%2Fmedia&parent=1631"}],"wp:term":[{"taxonomy":"product_brand","embeddable":true,"href":"https:\/\/plastishop.com.uy\/index.php?rest_route=%2Fwp%2Fv2%2Fproduct_brand&post=1631"},{"taxonomy":"product_cat","embeddable":true,"href":"https:\/\/plastishop.com.uy\/index.php?rest_route=%2Fwp%2Fv2%2Fproduct_cat&post=1631"},{"taxonomy":"product_tag","embeddable":true,"href":"https:\/\/plastishop.com.uy\/index.php?rest_route=%2Fwp%2Fv2%2Fproduct_tag&post=1631"}],"curies":[{"name":"wp","href":"https:\/\/api.w.org\/{rel}","templated":true}]}}