{"id":2047,"date":"2022-06-22T20:05:50","date_gmt":"2022-06-22T20:05:50","guid":{"rendered":"https:\/\/plastishop.com.uy\/?post_type=product&#038;p=2047"},"modified":"2022-06-22T20:05:50","modified_gmt":"2022-06-22T20:05:50","slug":"cuchillo-para-verduras-18-cm","status":"publish","type":"product","link":"https:\/\/plastishop.com.uy\/?product=cuchillo-para-verduras-18-cm","title":{"rendered":"Cuchillo para verduras 18 cm"},"content":{"rendered":"<p>Cuchillo para verduras.<br \/>\nMedidas: 5.5&#215;1.6&#215;31 cm.<br \/>\nMaterial: Pl\u00e1stico.<br \/>\nApto para lavavajillas.<br \/>\nEste cuchillo liviano presenta una hoja larga en \u00e1ngulo con un filo dentado uniformemente. Su corte limpio permite que las hojas se mantengan verdes por m\u00e1s tiempo en lugar de volverse marrones r\u00e1pidamente como hojas rotas. Tambi\u00e9n es excelente para pasteles, panes y brownies. La hoja del cuchillo es larga y con un mango ergon\u00f3mico que facilita a\u00fan m\u00e1s el corte.<\/p>\n","protected":false},"excerpt":{"rendered":"<p>Cuchillo para verduras. Medidas: 5.5&#215;1.6&#215;31 cm. Material: Pl\u00e1stico. Apto para lavavajillas. Este cuchillo liviano presenta una hoja larga en \u00e1ngulo con un filo dentado uniformemente. Su corte limpio permite que las hojas se mantengan verdes por m\u00e1s tiempo en lugar de volverse marrones r\u00e1pidamente como hojas rotas. Tambi\u00e9n es excelente para pasteles, panes y brownies. [&hellip;]<\/p>\n","protected":false},"featured_media":2048,"comment_status":"open","ping_status":"closed","template":"","meta":{"site-sidebar-layout":"default","site-content-layout":"default","ast-site-content-layout":"default","site-content-style":"default","site-sidebar-style":"default","ast-global-header-display":"","ast-banner-title-visibility":"","ast-main-header-display":"","ast-hfb-above-header-display":"","ast-hfb-below-header-display":"","ast-hfb-mobile-header-display":"","site-post-title":"","ast-breadcrumbs-content":"","ast-featured-img":"","footer-sml-layout":"","ast-disable-related-posts":"","theme-transparent-header-meta":"default","adv-header-id-meta":"","stick-header-meta":"","header-above-stick-meta":"","header-main-stick-meta":"","header-below-stick-meta":"","astra-migrate-meta-layouts":"default","ast-page-background-enabled":"default","ast-page-background-meta":{"desktop":{"background-color":"","background-image":"","background-repeat":"repeat","background-position":"center center","background-size":"auto","background-attachment":"scroll","background-type":"","background-media":"","overlay-type":"","overlay-color":"","overlay-opacity":"","overlay-gradient":""},"tablet":{"background-color":"","background-image":"","background-repeat":"repeat","background-position":"center center","background-size":"auto","background-attachment":"scroll","background-type":"","background-media":"","overlay-type":"","overlay-color":"","overlay-opacity":"","overlay-gradient":""},"mobile":{"background-color":"","background-image":"","background-repeat":"repeat","background-position":"center center","background-size":"auto","background-attachment":"scroll","background-type":"","background-media":"","overlay-type":"","overlay-color":"","overlay-opacity":"","overlay-gradient":""}},"ast-content-background-meta":{"desktop":{"background-color":"var(--ast-global-color-5)","background-image":"","background-repeat":"repeat","background-position":"center center","background-size":"auto","background-attachment":"scroll","background-type":"","background-media":"","overlay-type":"","overlay-color":"","overlay-opacity":"","overlay-gradient":""},"tablet":{"background-color":"var(--ast-global-color-5)","background-image":"","background-repeat":"repeat","background-position":"center center","background-size":"auto","background-attachment":"scroll","background-type":"","background-media":"","overlay-type":"","overlay-color":"","overlay-opacity":"","overlay-gradient":""},"mobile":{"background-color":"var(--ast-global-color-5)","background-image":"","background-repeat":"repeat","background-position":"center center","background-size":"auto","background-attachment":"scroll","background-type":"","background-media":"","overlay-type":"","overlay-color":"","overlay-opacity":"","overlay-gradient":""}}},"product_brand":[],"product_cat":[24,18],"product_tag":[],"class_list":{"0":"post-2047","1":"product","2":"type-product","3":"status-publish","4":"has-post-thumbnail","6":"product_cat-cocina","7":"product_cat-hogar","8":"desktop-align-left","9":"tablet-align-left","10":"mobile-align-left","12":"first","13":"instock","14":"taxable","15":"shipping-taxable","16":"purchasable","17":"product-type-simple"},"_links":{"self":[{"href":"https:\/\/plastishop.com.uy\/index.php?rest_route=\/wp\/v2\/product\/2047","targetHints":{"allow":["GET"]}}],"collection":[{"href":"https:\/\/plastishop.com.uy\/index.php?rest_route=\/wp\/v2\/product"}],"about":[{"href":"https:\/\/plastishop.com.uy\/index.php?rest_route=\/wp\/v2\/types\/product"}],"replies":[{"embeddable":true,"href":"https:\/\/plastishop.com.uy\/index.php?rest_route=%2Fwp%2Fv2%2Fcomments&post=2047"}],"wp:featuredmedia":[{"embeddable":true,"href":"https:\/\/plastishop.com.uy\/index.php?rest_route=\/wp\/v2\/media\/2048"}],"wp:attachment":[{"href":"https:\/\/plastishop.com.uy\/index.php?rest_route=%2Fwp%2Fv2%2Fmedia&parent=2047"}],"wp:term":[{"taxonomy":"product_brand","embeddable":true,"href":"https:\/\/plastishop.com.uy\/index.php?rest_route=%2Fwp%2Fv2%2Fproduct_brand&post=2047"},{"taxonomy":"product_cat","embeddable":true,"href":"https:\/\/plastishop.com.uy\/index.php?rest_route=%2Fwp%2Fv2%2Fproduct_cat&post=2047"},{"taxonomy":"product_tag","embeddable":true,"href":"https:\/\/plastishop.com.uy\/index.php?rest_route=%2Fwp%2Fv2%2Fproduct_tag&post=2047"}],"curies":[{"name":"wp","href":"https:\/\/api.w.org\/{rel}","templated":true}]}}